{"id":750,"date":"2019-05-02T08:25:04","date_gmt":"2019-05-02T08:25:04","guid":{"rendered":"http:\/\/lerncoach-amberg.com\/?page_id=750"},"modified":"2020-02-20T10:33:01","modified_gmt":"2020-02-20T10:33:01","slug":"uebertritt","status":"publish","type":"page","link":"https:\/\/lerncoach-amberg.com\/?page_id=750","title":{"rendered":"\u00dcbertritt"},"content":{"rendered":"\n<figure class=\"wp-block-embed-facebook wp-block-embed is-type-video is-provider-facebook\"><div class=\"wp-block-embed__wrapper\">\n<div id=\"fb-root\"><\/div><script async=\"1\" defer=\"1\" crossorigin=\"anonymous\" src=\"https:\/\/connect.facebook.net\/de_DE\/sdk.js#xfbml=1&amp;version=v3.3\"><\/script><div class=\"fb-video\" data-href=\"https:\/\/www.facebook.com\/lerncoachamberg\/videos\/405026737001326\/?modal=admin_todo_tour\" data-width=\"1200\"><blockquote cite=\"https:\/\/www.facebook.com\/lerncoachamberg\/videos\/405026737001326\/\" class=\"fb-xfbml-parse-ignore\"><a href=\"https:\/\/www.facebook.com\/lerncoachamberg\/videos\/405026737001326\/\">Teilen f\u00fcr die Grundschuleltern<\/a><p>\u00dcbertrittszeugnis und Lerncoach<\/p>Gepostet von <a href=\"https:\/\/www.facebook.com\/lerncoachamberg\/\">Lerncoach Anne Bergh\u00f6fer<\/a> am Donnerstag, 2. Mai 2019<\/blockquote><\/div>\n<\/div><figcaption>Lerncoach f\u00fcr Konzentration, Lernmethoden, Motivation, Selbstkonzept, Erkennen von Teilleistungsst\u00f6rungen, \u00c4ngsten<\/figcaption><\/figure>\n","protected":false},"excerpt":{"rendered":"","protected":false},"author":1,"featured_media":0,"parent":0,"menu_order":0,"comment_status":"closed","ping_status":"closed","template":"","meta":{"footnotes":""},"class_list":["post-750","page","type-page","status-publish"],"_links":{"self":[{"href":"https:\/\/lerncoach-amberg.com\/index.php?rest_route=\/wp\/v2\/pages\/750","targetHints":{"allow":["GET"]}}],"collection":[{"href":"https:\/\/lerncoach-amberg.com\/index.php?rest_route=\/wp\/v2\/pages"}],"about":[{"href":"https:\/\/lerncoach-amberg.com\/index.php?rest_route=\/wp\/v2\/types\/page"}],"author":[{"embeddable":true,"href":"https:\/\/lerncoach-amberg.com\/index.php?rest_route=\/wp\/v2\/users\/1"}],"replies":[{"embeddable":true,"href":"https:\/\/lerncoach-amberg.com\/index.php?rest_route=%2Fwp%2Fv2%2Fcomments&post=750"}],"version-history":[{"count":2,"href":"https:\/\/lerncoach-amberg.com\/index.php?rest_route=\/wp\/v2\/pages\/750\/revisions"}],"predecessor-version":[{"id":934,"href":"https:\/\/lerncoach-amberg.com\/index.php?rest_route=\/wp\/v2\/pages\/750\/revisions\/934"}],"wp:attachment":[{"href":"https:\/\/lerncoach-amberg.com\/index.php?rest_route=%2Fwp%2Fv2%2Fmedia&parent=750"}],"curies":[{"name":"wp","href":"https:\/\/api.w.org\/{rel}","templated":true}]}}