{"id":244,"date":"2019-01-09T10:15:37","date_gmt":"2019-01-09T10:15:37","guid":{"rendered":"http:\/\/lerncoach-amberg.com\/?page_id=244"},"modified":"2019-05-28T14:15:54","modified_gmt":"2019-05-28T14:15:54","slug":"244-2","status":"publish","type":"page","link":"https:\/\/lerncoach-amberg.com\/?page_id=244","title":{"rendered":"Vorteil von Einzelcoaching"},"content":{"rendered":"\n<p style=\"background-color:#575757;color:#ffffff\" class=\"has-text-color has-background has-medium-font-size\">Artikel<\/p>\n\n\n\n<p><a href=\"https:\/\/www.mittelbayerische.de\/wirtschaft-nachrichten\/der-milliardenmarkt-nachhilfe-21840-art1697344.html\">Der Milliardenmarkt Nachhilfe<\/a> | Mittelbayerische<\/p>\n\n\n\n<div style=\"height:10px\" aria-hidden=\"true\" class=\"wp-block-spacer\"><\/div>\n\n\n\n<p style=\"background-color:#575757;color:#ffffff\" class=\"has-text-color has-background has-medium-font-size\">Videos<\/p>\n\n\n\n<p>07.01.2019 | <a href=\"https:\/\/www.facebook.com\/anne.berghoefer\/videos\/pcb.1960763250638756\/1960758520639229\/?type=3&amp;theater\">Neue Anregung f\u00fcr zuhause, 2.+3. Klasse Grundschule.<\/a><\/p>\n\n\n\n<p>13.01.2019 | <a href=\"https:\/\/www.facebook.com\/anne.berghoefer\/videos\/pcb.1968573553191059\/1968565869858494\/?type=3&amp;theater\">Gedanken, speziell f\u00fcr die Teilleistungsst\u00f6rung beim Lesen.<\/a><\/p>\n\n\n\n<p>Schauen Sie die Beitr\u00e4ge von Lerncoach Amberg in Facebook an.<\/p>\n\n\n\n<p>Sie finden wertvolle Tipps!<br><\/p>\n\n\n\n<hr class=\"wp-block-separator\"\/>\n","protected":false},"excerpt":{"rendered":"<p>Artikel Der Milliardenmarkt Nachhilfe | Mittelbayerische Videos 07.01.2019 | Neue Anregung f\u00fcr zuhause, 2.+3. Klasse Grundschule. 13.01.2019 | Gedanken, speziell f\u00fcr die Teilleistungsst\u00f6rung beim Lesen. Schauen Sie die Beitr\u00e4ge von Lerncoach Amberg in Facebook an. Sie finden wertvolle Tipps!<\/p>\n","protected":false},"author":1,"featured_media":0,"parent":0,"menu_order":0,"comment_status":"closed","ping_status":"closed","template":"","meta":{"footnotes":""},"class_list":["post-244","page","type-page","status-publish"],"_links":{"self":[{"href":"https:\/\/lerncoach-amberg.com\/index.php?rest_route=\/wp\/v2\/pages\/244","targetHints":{"allow":["GET"]}}],"collection":[{"href":"https:\/\/lerncoach-amberg.com\/index.php?rest_route=\/wp\/v2\/pages"}],"about":[{"href":"https:\/\/lerncoach-amberg.com\/index.php?rest_route=\/wp\/v2\/types\/page"}],"author":[{"embeddable":true,"href":"https:\/\/lerncoach-amberg.com\/index.php?rest_route=\/wp\/v2\/users\/1"}],"replies":[{"embeddable":true,"href":"https:\/\/lerncoach-amberg.com\/index.php?rest_route=%2Fwp%2Fv2%2Fcomments&post=244"}],"version-history":[{"count":9,"href":"https:\/\/lerncoach-amberg.com\/index.php?rest_route=\/wp\/v2\/pages\/244\/revisions"}],"predecessor-version":[{"id":767,"href":"https:\/\/lerncoach-amberg.com\/index.php?rest_route=\/wp\/v2\/pages\/244\/revisions\/767"}],"wp:attachment":[{"href":"https:\/\/lerncoach-amberg.com\/index.php?rest_route=%2Fwp%2Fv2%2Fmedia&parent=244"}],"curies":[{"name":"wp","href":"https:\/\/api.w.org\/{rel}","templated":true}]}}