{"id":239,"date":"2019-01-07T06:59:02","date_gmt":"2019-01-07T06:59:02","guid":{"rendered":"http:\/\/lerncoach-amberg.com\/?page_id=239"},"modified":"2021-05-27T11:21:13","modified_gmt":"2021-05-27T11:21:13","slug":"fallbeispiel-theresa","status":"publish","type":"page","link":"https:\/\/lerncoach-amberg.com\/?page_id=239","title":{"rendered":"Fallbeispiele"},"content":{"rendered":"\n<p style=\"background-color:#5e5f60;color:#f7f9fb\" class=\"has-text-color has-background has-medium-font-size\">Fallbeispiel Pia<\/p>\n\n\n\n<p>Pia habe ich vor einigen Jahren in der Nachhilfe kennengelernt. Bereits damals zeigten sich klare Hinweise auf eine Dyskalkulie. Es fand jedoch keine Testung oder entsprechende F\u00f6rderung statt. Damals ging sie noch in die Grundschule und schlechte Noten wurden nicht mit einer Teilleistungsst\u00f6rung in Verbindung gebracht. Pia bekam weiter Nachhilfe, immer von Personen, welche sich nicht auskennen mit den Anzeichen einer Rechenst\u00f6rung. An der weiterf\u00fchrenden Schule fielen ihre weiteren Leistungen nun weiter ab, das Thema F\u00f6rderschule wird zur Diskussion gestellt.<\/p>\n\n\n\n<p>Darum ist mein Aufruf, wird ihr Kind innerhalb eines halben Jahres mit Nachhilfe nicht besser, geben Sie nicht auf und suchen sich qualifizierte Unterst\u00fctzung! Nutzen Sie gerne mein kostenloses Erstgespr\u00e4ch.<\/p>\n\n\n\n<p style=\"background-color:#575757;color:#ffffff\" class=\"has-text-color has-background has-medium-font-size\">Fallbeispiel Theresa<\/p>\n\n\n\n<p>Theresa ist eine Sch\u00fclerin der 3. Klasse.<br><br>Sie hat Probleme mit der Rechtschreibung. Seit einem Jahr geht sie in Nachhilfe ohne sichtbaren Erfolg. Es f\u00e4llt\u00a0 auf, dass Theresa Probleme bei der Lautbildung hat, sie wird jedoch nicht zum Logop\u00e4den geschickt. Sie h\u00f6rt W\u00f6rter st\u00e4ndig falsch wenn sie liest und spricht, so wird es ihr nicht m\u00f6glich sein diese richtig zu schreiben. Ihre auditive Verarbeitung und Wahrnehmung ist gest\u00f6rt.<\/p>\n\n\n\n<p>Es sollte eine Diagnostik auf LRS durchgef\u00fchrt werden, stellt sich eine Diagnose nach WHO dar, kann Theresa den Nachteilsaugleich in der Schule bekommen.<\/p>\n\n\n\n<p>Wenden Sie sich an Beratungslehrer*innen und die Schulpsychologen*innen.<br><br>Lerntherapeut + Logop\u00e4de ist hier die bessere L\u00f6sung f\u00fcr Theresa und hilft ihr auf dem Weg des Lernens. <\/p>\n\n\n\n<p><\/p>\n\n\n\n<div style=\"height:10px\" aria-hidden=\"true\" class=\"wp-block-spacer\"><\/div>\n\n\n\n<p style=\"background-color:#494e50;color:#f7f9fb\" class=\"has-text-color has-background has-medium-font-size\">Fallbeispiel Lena<\/p>\n\n\n\n<div class=\"wp-block-image\"><figure class=\"aligncenter size-large is-resized\"><img loading=\"lazy\" decoding=\"async\" src=\"https:\/\/lerncoach-amberg.com\/wp-content\/uploads\/2020\/07\/Dyskalkulie-1-979x1024.jpg\" alt=\"\" class=\"wp-image-955\" width=\"245\" height=\"256\" srcset=\"https:\/\/lerncoach-amberg.com\/wp-content\/uploads\/2020\/07\/Dyskalkulie-1-979x1024.jpg 979w, https:\/\/lerncoach-amberg.com\/wp-content\/uploads\/2020\/07\/Dyskalkulie-1-287x300.jpg 287w, https:\/\/lerncoach-amberg.com\/wp-content\/uploads\/2020\/07\/Dyskalkulie-1-768x804.jpg 768w, https:\/\/lerncoach-amberg.com\/wp-content\/uploads\/2020\/07\/Dyskalkulie-1-1468x1536.jpg 1468w, https:\/\/lerncoach-amberg.com\/wp-content\/uploads\/2020\/07\/Dyskalkulie-1-1957x2048.jpg 1957w\" sizes=\"auto, (max-width: 245px) 100vw, 245px\" \/><figcaption>Division handlungsorientiert<\/figcaption><\/figure><\/div>\n\n\n\n<p>Lena ist in der 4. Klasse. Sie kann super gut 100 Aufgaben zu Geteilt rechnen, ganz fehlerfrei. Aber! Sie wei\u00df nicht, was sie da rechnet, sie kann auch den Bezug in Textaufgaben zur Division h\u00e4ufig nicht finden. Daher ist es so wichtig die Grundrechenarten handlungsorientiert zu vermitteln. Eine vermeintliche Sicherheit bei Rechenoperationen sollte stets hinterfragt werden. Die &#8222;Warum-Frage&#8220; sollte auch in der Schule t\u00e4gliche Routine sein.<\/p>\n\n\n\n<p>Intelligente Kinder sind Meister im Auswendiglernen, das Einmaleins ist f\u00fcr sie eine leichte \u00dcbung, auch mit Dyskalkulie. Ohne Hinterfragen in Bezug auf Mengenvorstellung f\u00e4llt die Teilleistungsst\u00f6rung erst sp\u00e4t auf.<\/p>\n\n\n\n<p style=\"background-color:#575757;color:#ffffff\" class=\"has-text-color has-background has-medium-font-size\">Fallbeispiel Peter<\/p>\n\n\n\n<p>Peter ist ein freundliches, aufgewecktes Kind.<br><br>Er interessiert sich f\u00fcr viele Themen. Das schreiben von Geschichten will ihm aber so gar nicht gelingen. Der Verlauf der Handlung ist w\u00fcst durcheinander geschrieben. Es fehlen W\u00f6rter, Buchstaben und Endungen. Peter hat ein Problem mit der Konzentration. In Gruppensituationen schafft er es nicht die Aufmerksamkeit bis zum Ende seines Arbeitsauftrags aufrecht zu halten.<br><br>Mit einer gezielten F\u00f6rderung im Einzelcoaching lernt Peter nun Methoden kennen, damit es ihm besser gelingt sich zu konzentrieren und die Reizflut seiner Umgebung auszublenden. Bestandteil der F\u00f6rderung ist das Marburger Konzentrationstraining.<\/p>\n\n\n\n<figure class=\"wp-block-image\"><img loading=\"lazy\" decoding=\"async\" width=\"608\" height=\"493\" src=\"https:\/\/lerncoach-amberg.com\/wp-content\/uploads\/2019\/07\/grafik.png\" alt=\"\" class=\"wp-image-868\" srcset=\"https:\/\/lerncoach-amberg.com\/wp-content\/uploads\/2019\/07\/grafik.png 608w, https:\/\/lerncoach-amberg.com\/wp-content\/uploads\/2019\/07\/grafik-300x243.png 300w\" sizes=\"auto, (max-width: 608px) 100vw, 608px\" \/><\/figure>\n\n\n\n<p style=\"background-color:#707272;color:#fafeff\" class=\"has-text-color has-background has-medium-font-size\">Beispiele 6. Klasse Mittelschule<\/p>\n\n\n\n<figure class=\"wp-block-image is-resized\"><img loading=\"lazy\" decoding=\"async\" src=\"https:\/\/lerncoach-amberg.com\/wp-content\/uploads\/2019\/01\/2007-10-05-02.37.04.jpg\" alt=\"\" class=\"wp-image-675\" width=\"270\" height=\"111\"\/><figcaption><strong>Fehler bei der Unterscheidung &#8222;\u00e4&#8220; oder &#8222;e&#8220;, sowie fehlende Rechtschreibregel, wann Doppelkonsonanten geschrieben werden.<\/strong><\/figcaption><\/figure>\n\n\n\n<p>Hier kann mit der &#8222;Morphematischen Methode&#8220; und\/oder der &#8222;Silbenmethode&#8220; viel erreicht werden. Bewusstsein f\u00fcr den Aufbau von W\u00f6rtern kann man trainieren.<\/p>\n\n\n\n<div style=\"height:10px\" aria-hidden=\"true\" class=\"wp-block-spacer\"><\/div>\n\n\n\n<p style=\"background-color:#575757;color:#ffffff\" class=\"has-text-color has-background has-medium-font-size\">Wie kann sich eine LRS entwickeln. <\/p>\n\n\n\n<h2 class=\"wp-block-heading\">Fr\u00fchzeitig erkennen und unterst\u00fctzen!<\/h2>\n\n\n\n<p>Eine ausf\u00fchrliche Anamnese ist f\u00fcr den Erfolg der F\u00f6rderung der erste Ansatzpunkt. <\/p>\n\n\n\n<figure class=\"wp-block-image\"><img loading=\"lazy\" decoding=\"async\" width=\"960\" height=\"720\" src=\"https:\/\/lerncoach-amberg.com\/wp-content\/uploads\/2019\/01\/Lern-7-Skizze-LRS.jpg\" alt=\"\" class=\"wp-image-287\" srcset=\"https:\/\/lerncoach-amberg.com\/wp-content\/uploads\/2019\/01\/Lern-7-Skizze-LRS.jpg 960w, https:\/\/lerncoach-amberg.com\/wp-content\/uploads\/2019\/01\/Lern-7-Skizze-LRS-300x225.jpg 300w, https:\/\/lerncoach-amberg.com\/wp-content\/uploads\/2019\/01\/Lern-7-Skizze-LRS-768x576.jpg 768w\" sizes=\"auto, (max-width: 960px) 100vw, 960px\" \/><figcaption>Pers\u00f6nlichkeit, Umfeld und Situation beeinflussen sich gegenseitig. Die Suche nach einem oder mehreren Ausl\u00f6sern durch ein ausf\u00fchrliches Gespr\u00e4ch so entscheidend.<\/figcaption><\/figure>\n\n\n\n<p><br><\/p>\n\n\n","protected":false},"excerpt":{"rendered":"<p>Fallbeispiel Pia Pia habe ich vor einigen Jahren in der Nachhilfe kennengelernt. Bereits damals zeigten sich klare Hinweise auf eine Dyskalkulie. Es fand jedoch keine Testung oder entsprechende F\u00f6rderung statt. Damals ging sie noch in die Grundschule und schlechte Noten wurden nicht mit einer Teilleistungsst\u00f6rung in Verbindung gebracht. Pia bekam weiter Nachhilfe, immer von Personen, &#8230; <a title=\"Fallbeispiele\" class=\"read-more\" href=\"https:\/\/lerncoach-amberg.com\/?page_id=239\">weiterlesen<span class=\"screen-reader-text\">Fallbeispiele<\/span><\/a><\/p>\n","protected":false},"author":1,"featured_media":0,"parent":0,"menu_order":0,"comment_status":"closed","ping_status":"closed","template":"","meta":{"footnotes":""},"class_list":["post-239","page","type-page","status-publish"],"_links":{"self":[{"href":"https:\/\/lerncoach-amberg.com\/index.php?rest_route=\/wp\/v2\/pages\/239","targetHints":{"allow":["GET"]}}],"collection":[{"href":"https:\/\/lerncoach-amberg.com\/index.php?rest_route=\/wp\/v2\/pages"}],"about":[{"href":"https:\/\/lerncoach-amberg.com\/index.php?rest_route=\/wp\/v2\/types\/page"}],"author":[{"embeddable":true,"href":"https:\/\/lerncoach-amberg.com\/index.php?rest_route=\/wp\/v2\/users\/1"}],"replies":[{"embeddable":true,"href":"https:\/\/lerncoach-amberg.com\/index.php?rest_route=%2Fwp%2Fv2%2Fcomments&post=239"}],"version-history":[{"count":17,"href":"https:\/\/lerncoach-amberg.com\/index.php?rest_route=\/wp\/v2\/pages\/239\/revisions"}],"predecessor-version":[{"id":991,"href":"https:\/\/lerncoach-amberg.com\/index.php?rest_route=\/wp\/v2\/pages\/239\/revisions\/991"}],"wp:attachment":[{"href":"https:\/\/lerncoach-amberg.com\/index.php?rest_route=%2Fwp%2Fv2%2Fmedia&parent=239"}],"curies":[{"name":"wp","href":"https:\/\/api.w.org\/{rel}","templated":true}]}}