{"id":17,"date":"2018-12-02T11:23:09","date_gmt":"2018-12-02T11:23:09","guid":{"rendered":"http:\/\/lab.lerncoach-amberg.com\/?page_id=17"},"modified":"2022-08-15T14:09:19","modified_gmt":"2022-08-15T14:09:19","slug":"trainings","status":"publish","type":"page","link":"https:\/\/lerncoach-amberg.com\/?page_id=17","title":{"rendered":"Trainings"},"content":{"rendered":"\n<p style=\"background-color:#575757;color:#ffffff\" class=\"has-text-color has-background has-medium-font-size\">Grundsch\u00fcler<\/p>\n\n\n\n<p>F\u00fcr Grundsch\u00fcler biete ich Einzel- oder Zweiercoaching an, um viel Freude am Lernen zu vermitteln und die Motivation mit wissenschaftlich evaluierten F\u00f6rderprogrammen langfristig zu steigern.<\/p>\n\n\n\n<p>Lerntherapeutisch wird ausschlie\u00dflich Einzelf\u00f6rderung angeboten.<br><br>60 min Einzelcoaching pro Woche + \u00dcbungsplan f\u00fcr eine kleine t\u00e4gliche Trainingseinheit zuhause, damit Gelerntes abgespeichert und automatisiert wird. <\/p>\n\n\n\n<figure class=\"wp-block-image size-large is-resized\"><img loading=\"lazy\" decoding=\"async\" src=\"https:\/\/lerncoach-amberg.com\/wp-content\/uploads\/2020\/07\/Dyskalkulie-979x1024.jpg\" alt=\"\" class=\"wp-image-950\" width=\"490\" height=\"512\" srcset=\"https:\/\/lerncoach-amberg.com\/wp-content\/uploads\/2020\/07\/Dyskalkulie-979x1024.jpg 979w, https:\/\/lerncoach-amberg.com\/wp-content\/uploads\/2020\/07\/Dyskalkulie-287x300.jpg 287w, https:\/\/lerncoach-amberg.com\/wp-content\/uploads\/2020\/07\/Dyskalkulie-768x804.jpg 768w, https:\/\/lerncoach-amberg.com\/wp-content\/uploads\/2020\/07\/Dyskalkulie-1468x1536.jpg 1468w, https:\/\/lerncoach-amberg.com\/wp-content\/uploads\/2020\/07\/Dyskalkulie-1957x2048.jpg 1957w\" sizes=\"auto, (max-width: 490px) 100vw, 490px\" \/><figcaption>Division handlungsorientiert<\/figcaption><\/figure>\n\n\n\n<div style=\"height:10px\" aria-hidden=\"true\" class=\"wp-block-spacer\"><\/div>\n\n\n\n<p style=\"background-color:#575757;color:#ffffff\" class=\"has-text-color has-background has-medium-font-size\">Ab 5. Klasse<\/p>\n\n\n\n<p>F\u00fcr AD(H)S betroffene Kinder ab der 5. Klasse biete ich Einzelcoaching\u00a0an, um die Kinder auf diese Weise noch intensiver zu f\u00f6rdern.<br><br>Das Einzelcoaching hat einen Umfang von 60 Minuten pro Woche und wird begleitet von einem \u00dcbungsplan f\u00fcr zu Hause.<br><\/p>\n\n\n\n<div style=\"height:10px\" aria-hidden=\"true\" class=\"wp-block-spacer\"><\/div>\n\n\n\n<div style=\"height:10px\" aria-hidden=\"true\" class=\"wp-block-spacer\"><\/div>\n\n\n\n<p style=\"background-color:#91cf4f;color:#ffffff\" class=\"has-text-color has-background has-text-align-center\"><strong>MIT FREUDE LERNT MAN LEICHTER UND DIE MOTIVATION STEIGT.<\/strong><\/p>\n","protected":false},"excerpt":{"rendered":"<p>Grundsch\u00fcler F\u00fcr Grundsch\u00fcler biete ich Einzel- oder Zweiercoaching an, um viel Freude am Lernen zu vermitteln und die Motivation mit wissenschaftlich evaluierten F\u00f6rderprogrammen langfristig zu steigern. Lerntherapeutisch wird ausschlie\u00dflich Einzelf\u00f6rderung angeboten. 60 min Einzelcoaching pro Woche + \u00dcbungsplan f\u00fcr eine kleine t\u00e4gliche Trainingseinheit zuhause, damit Gelerntes abgespeichert und automatisiert wird. Ab 5. Klasse F\u00fcr AD(H)S &#8230; <a title=\"Trainings\" class=\"read-more\" href=\"https:\/\/lerncoach-amberg.com\/?page_id=17\">weiterlesen<span class=\"screen-reader-text\">Trainings<\/span><\/a><\/p>\n","protected":false},"author":1,"featured_media":0,"parent":0,"menu_order":0,"comment_status":"closed","ping_status":"closed","template":"","meta":{"footnotes":""},"class_list":["post-17","page","type-page","status-publish"],"_links":{"self":[{"href":"https:\/\/lerncoach-amberg.com\/index.php?rest_route=\/wp\/v2\/pages\/17","targetHints":{"allow":["GET"]}}],"collection":[{"href":"https:\/\/lerncoach-amberg.com\/index.php?rest_route=\/wp\/v2\/pages"}],"about":[{"href":"https:\/\/lerncoach-amberg.com\/index.php?rest_route=\/wp\/v2\/types\/page"}],"author":[{"embeddable":true,"href":"https:\/\/lerncoach-amberg.com\/index.php?rest_route=\/wp\/v2\/users\/1"}],"replies":[{"embeddable":true,"href":"https:\/\/lerncoach-amberg.com\/index.php?rest_route=%2Fwp%2Fv2%2Fcomments&post=17"}],"version-history":[{"count":29,"href":"https:\/\/lerncoach-amberg.com\/index.php?rest_route=\/wp\/v2\/pages\/17\/revisions"}],"predecessor-version":[{"id":1007,"href":"https:\/\/lerncoach-amberg.com\/index.php?rest_route=\/wp\/v2\/pages\/17\/revisions\/1007"}],"wp:attachment":[{"href":"https:\/\/lerncoach-amberg.com\/index.php?rest_route=%2Fwp%2Fv2%2Fmedia&parent=17"}],"curies":[{"name":"wp","href":"https:\/\/api.w.org\/{rel}","templated":true}]}}