{"id":16,"date":"2018-12-02T11:23:09","date_gmt":"2018-12-02T11:23:09","guid":{"rendered":"http:\/\/lab.lerncoach-amberg.com\/?page_id=16"},"modified":"2022-08-15T14:11:25","modified_gmt":"2022-08-15T14:11:25","slug":"konzept","status":"publish","type":"page","link":"https:\/\/lerncoach-amberg.com\/?page_id=16","title":{"rendered":"Konzept"},"content":{"rendered":"\n<figure class=\"wp-block-image alignfull\"><img loading=\"lazy\" decoding=\"async\" width=\"1024\" height=\"303\" src=\"https:\/\/lerncoach-amberg.com\/wp-content\/uploads\/2019\/01\/lerncoach_amberg_bg-1024x303.jpg\" alt=\"\" class=\"wp-image-470\" srcset=\"https:\/\/lerncoach-amberg.com\/wp-content\/uploads\/2019\/01\/lerncoach_amberg_bg-1024x303.jpg 1024w, https:\/\/lerncoach-amberg.com\/wp-content\/uploads\/2019\/01\/lerncoach_amberg_bg-300x89.jpg 300w, https:\/\/lerncoach-amberg.com\/wp-content\/uploads\/2019\/01\/lerncoach_amberg_bg-768x227.jpg 768w\" sizes=\"auto, (max-width: 1024px) 100vw, 1024px\" \/><\/figure>\n\n\n\n<div style=\"height:10px\" aria-hidden=\"true\" class=\"wp-block-spacer\"><\/div>\n\n\n\n<h2 class=\"wp-block-heading\"><strong>Der Fokus des Lerncoachings liegt auf der F\u00f6rderung von Sch\u00fclern<\/strong> <strong><em>und Eltern<\/em><\/strong><\/h2>\n\n\n<p>Lernschw\u00e4chen, AD(H)S, LRS, Rechenschw\u00e4che, Konzentrationsschwierigkeiten, Motivationsproblemen, und mangelndes Selbstbild<\/p>\n<p>Lassen Sie uns gemeinsam f\u00fcr ihr Kind Ver\u00e4nderungsziele im Bereich Lernen und Schule festlegen, es begleiten, stark machen und ihm ein eigenst\u00e4ndiges Lernen erm\u00f6glichen. Mit geeigneten Methoden\u00a0befreien wir Ihr Kind aus dem \u201eTeufelskreis\u201c der negativen Erlebnisse.<\/p>\n\n\n<div style=\"height:10px\" aria-hidden=\"true\" class=\"wp-block-spacer\"><\/div>\n\n\n\n<div class=\"wp-block-button alignleft\"><a class=\"wp-block-button__link no-border-radius\" href=\"https:\/\/lerncoach-amberg.com\/?page_id=17\">&nbsp; &nbsp; TRAININGS&nbsp; &nbsp;&nbsp;<\/a><\/div>\n\n\n\n<div class=\"wp-block-button alignleft\"><a class=\"wp-block-button__link no-border-radius\" href=\"https:\/\/lerncoach-amberg.com\/?page_id=14\">LERNCOACHING<\/a><\/div>\n\n\n\n<div class=\"wp-block-button alignleft\"><a class=\"wp-block-button__link no-border-radius\" href=\"https:\/\/lerncoach-amberg.com\/?page_id=83\">&nbsp; F\u00dcR SCHULEN&nbsp;&nbsp;<\/a><\/div>\n\n\n\n<div class=\"wp-block-button alignleft\"><a class=\"wp-block-button__link no-border-radius\" href=\"https:\/\/lerncoach-amberg.com\/?page_id=143\">&nbsp; &nbsp; F\u00dcR ELTERN&nbsp; &nbsp;<\/a><\/div>\n\n\n\n<div style=\"height:20px\" aria-hidden=\"true\" class=\"wp-block-spacer\"><\/div>\n\n\n\n<p style=\"background-color:#91cf4f;color:#ffffff\" class=\"has-text-color has-background has-text-align-center has-medium-font-size\"><strong>MIT MOTIVATION SCHAFFEN WIR ERFOLG.<\/strong><\/p>\n","protected":false},"excerpt":{"rendered":"<p>Der Fokus des Lerncoachings liegt auf der F\u00f6rderung von Sch\u00fclern und Eltern Lernschw\u00e4chen, AD(H)S, LRS, Rechenschw\u00e4che, Konzentrationsschwierigkeiten, Motivationsproblemen, und mangelndes Selbstbild Lassen Sie uns gemeinsam f\u00fcr ihr Kind Ver\u00e4nderungsziele im Bereich Lernen und Schule festlegen, es begleiten, stark machen und ihm ein eigenst\u00e4ndiges Lernen erm\u00f6glichen. Mit geeigneten Methoden\u00a0befreien wir Ihr Kind aus dem \u201eTeufelskreis\u201c der &#8230; <a title=\"Konzept\" class=\"read-more\" href=\"https:\/\/lerncoach-amberg.com\/?page_id=16\">weiterlesen<span class=\"screen-reader-text\">Konzept<\/span><\/a><\/p>\n","protected":false},"author":1,"featured_media":0,"parent":0,"menu_order":3,"comment_status":"closed","ping_status":"closed","template":"","meta":{"footnotes":""},"class_list":["post-16","page","type-page","status-publish"],"_links":{"self":[{"href":"https:\/\/lerncoach-amberg.com\/index.php?rest_route=\/wp\/v2\/pages\/16","targetHints":{"allow":["GET"]}}],"collection":[{"href":"https:\/\/lerncoach-amberg.com\/index.php?rest_route=\/wp\/v2\/pages"}],"about":[{"href":"https:\/\/lerncoach-amberg.com\/index.php?rest_route=\/wp\/v2\/types\/page"}],"author":[{"embeddable":true,"href":"https:\/\/lerncoach-amberg.com\/index.php?rest_route=\/wp\/v2\/users\/1"}],"replies":[{"embeddable":true,"href":"https:\/\/lerncoach-amberg.com\/index.php?rest_route=%2Fwp%2Fv2%2Fcomments&post=16"}],"version-history":[{"count":32,"href":"https:\/\/lerncoach-amberg.com\/index.php?rest_route=\/wp\/v2\/pages\/16\/revisions"}],"predecessor-version":[{"id":1008,"href":"https:\/\/lerncoach-amberg.com\/index.php?rest_route=\/wp\/v2\/pages\/16\/revisions\/1008"}],"wp:attachment":[{"href":"https:\/\/lerncoach-amberg.com\/index.php?rest_route=%2Fwp%2Fv2%2Fmedia&parent=16"}],"curies":[{"name":"wp","href":"https:\/\/api.w.org\/{rel}","templated":true}]}}