{"id":15,"date":"2018-12-02T11:23:08","date_gmt":"2018-12-02T11:23:08","guid":{"rendered":"http:\/\/lab.lerncoach-amberg.com\/?page_id=15"},"modified":"2022-08-15T13:28:32","modified_gmt":"2022-08-15T13:28:32","slug":"ueber-mich","status":"publish","type":"page","link":"https:\/\/lerncoach-amberg.com\/?page_id=15","title":{"rendered":"\u00dcber Anne"},"content":{"rendered":"\n<figure class=\"wp-block-image alignfull\"><img loading=\"lazy\" decoding=\"async\" width=\"1024\" height=\"303\" src=\"https:\/\/lerncoach-amberg.com\/wp-content\/uploads\/2019\/01\/lerncoach_lab-1-1024x303.jpg\" alt=\"\" class=\"wp-image-532\" srcset=\"https:\/\/lerncoach-amberg.com\/wp-content\/uploads\/2019\/01\/lerncoach_lab-1-1024x303.jpg 1024w, https:\/\/lerncoach-amberg.com\/wp-content\/uploads\/2019\/01\/lerncoach_lab-1-300x89.jpg 300w, https:\/\/lerncoach-amberg.com\/wp-content\/uploads\/2019\/01\/lerncoach_lab-1-768x227.jpg 768w\" sizes=\"auto, (max-width: 1024px) 100vw, 1024px\" \/><\/figure>\n\n\n\n<div style=\"height:10px\" aria-hidden=\"true\" class=\"wp-block-spacer\"><\/div>\n\n\n\n<h2 class=\"wp-block-heading\"><strong>Meine St\u00e4rke besteht darin, bei Kindern K\u00f6nnen hervorzuzaubern, welches sie sich selbst nie zugetraut h\u00e4tten.<\/strong> <\/h2>\n\n\n<p>Schwerpunkt meiner Lerncoacht\u00e4tigkeit ist das <strong>wertsch\u00e4tzende Training mit Sch\u00fclern<\/strong>, da sie ein sicheres Fundament ben\u00f6tigen, auf dem sie aufbauen k\u00f6nnen.<\/p>\n<p>Ich bin <strong>zertifizierter Lerncoach<\/strong> und\u00a0 <strong>Trainer f\u00fcr das Marburger Konzentrationstraining<\/strong>. Mit einem 15-monatigen Fernstudium zum Lerncoach habe ich mit Freude, Erfolg und hohen Praxisbezug mein Wissen erarbeitet um Kindern mit <strong>Lernschw\u00e4chen aller Art<\/strong> zu helfen.<\/p>\n<p><strong>Zertifizierte Dyskalkulietherapeutin nach BVL\u00a0<\/strong><\/p>\n<p>Den Basis- und Aufbaukurs f\u00fcr Legasthenietherapeuten haben ich erfolgreich abgeschlossen.<\/p>\n<p>Dieses Wissen bef\u00e4higt mich eindeutiger die Lernschw\u00e4chen einzuordnen und viele Therapieans\u00e4tze sind im normalen F\u00f6rderbereich gut anwendbar. Eine <strong>Lernst\u00f6rung<\/strong>, die teilweise auch genetisch veranlagt ist, bedarf einer noch spezielleren F\u00f6rderung als eine erworbene Schw\u00e4che durch AD(H)S oder unterschiedliche Umwelteinfl\u00fcsse. Pr\u00fcfungs\u00e4ngste, Widerst\u00e4nde, F\u00e4higkeitsselbstkonzepte sind bisher ein wichtiger Teil meine Weiterbildung gewesen.<\/p>\n<p>Ich habe erlebt, wie kleine Erfolge einen positiven Einfluss auf Zufriedenheit und Selbstbewusstsein von Kindern haben. Sieben Jahre <strong>Erfahrung im Ganztagsbereich von Schulen<\/strong> im kreativen Bereich und bei Lern-\u00dcbungs-Zeiten, sowie fast <strong>vier Jahre B\u00fcroleitung in einem Nachhilfeinstitut ( &#8222;Ich wei\u00df was schief l\u00e4uft!&#8220;), <\/strong>haben mir tiefe Einblicke in die Lernwelt und Pers\u00f6nlichkeit von Kindern erlaubt.<\/p>\n<p>Ich durfte die Erfahrung machen, dass viele Kinder mit Lernschwierigkeiten oder AD(H)S einen anderen Ansatz zum Verstehen ben\u00f6tigen, als Nachhilfe durch nicht geschultes Personal. In zahlreichen Elterngespr\u00e4chen habe ich Einblick in die famili\u00e4re Belastung durch Lernschwierigkeiten bekommen. Probleme aus der Schule sind h\u00e4ufig mit schulischen Mitteln nicht zu l\u00f6sen, auch nicht mit Intensivierungsstunden, wenn dort mit den gleichen Ans\u00e4tzen gearbeitet wird.<\/p>\n<p>Kinder zu st\u00e4rken ist jahrelang im Ferienprogramm und im &#8222;Offenen Atelier&#8220; meine Aufgabe gewesen und dies wird auch weiterhin in der Lernwerkstatt und beim Lerncoaching mit Erfolg eingesetzt.<\/p>\n<p><span style=\"font-size: inherit;\">Als Mutter von drei Kindern habe ich viele Einblicke in verschiedene Schullaufbahnen gewonnen.<\/span><\/p>\n\n\n<div style=\"height:20px\" aria-hidden=\"true\" class=\"wp-block-spacer\"><\/div>\n\n\n\n<div class=\"wp-block-image\"><figure class=\"aligncenter is-resized\"><img loading=\"lazy\" decoding=\"async\" src=\"https:\/\/lerncoach-amberg.com\/wp-content\/uploads\/2019\/01\/zeugnis_v2-677x1024.jpg\" alt=\"\" class=\"wp-image-523\" width=\"510\" height=\"771\" srcset=\"https:\/\/lerncoach-amberg.com\/wp-content\/uploads\/2019\/01\/zeugnis_v2-677x1024.jpg 677w, https:\/\/lerncoach-amberg.com\/wp-content\/uploads\/2019\/01\/zeugnis_v2-198x300.jpg 198w, https:\/\/lerncoach-amberg.com\/wp-content\/uploads\/2019\/01\/zeugnis_v2-768x1161.jpg 768w, https:\/\/lerncoach-amberg.com\/wp-content\/uploads\/2019\/01\/zeugnis_v2.jpg 1716w\" sizes=\"auto, (max-width: 510px) 100vw, 510px\" \/><\/figure><\/div>\n\n\n\n<figure class=\"wp-block-image\"><img loading=\"lazy\" decoding=\"async\" width=\"724\" height=\"1024\" src=\"https:\/\/lerncoach-amberg.com\/wp-content\/uploads\/2019\/03\/Zertifikat-MKT-724x1024.jpg\" alt=\"\" class=\"wp-image-723\" srcset=\"https:\/\/lerncoach-amberg.com\/wp-content\/uploads\/2019\/03\/Zertifikat-MKT-724x1024.jpg 724w, https:\/\/lerncoach-amberg.com\/wp-content\/uploads\/2019\/03\/Zertifikat-MKT-212x300.jpg 212w, https:\/\/lerncoach-amberg.com\/wp-content\/uploads\/2019\/03\/Zertifikat-MKT-768x1086.jpg 768w, https:\/\/lerncoach-amberg.com\/wp-content\/uploads\/2019\/03\/Zertifikat-MKT.jpg 1654w\" sizes=\"auto, (max-width: 724px) 100vw, 724px\" \/><\/figure>\n\n\n\n<figure class=\"wp-block-image size-large\"><img loading=\"lazy\" decoding=\"async\" width=\"768\" height=\"1024\" src=\"https:\/\/lerncoach-amberg.com\/wp-content\/uploads\/2020\/06\/Zertifikat-LEGATRAIN-003-1-768x1024.jpg\" alt=\"\" class=\"wp-image-945\" srcset=\"https:\/\/lerncoach-amberg.com\/wp-content\/uploads\/2020\/06\/Zertifikat-LEGATRAIN-003-1-768x1024.jpg 768w, https:\/\/lerncoach-amberg.com\/wp-content\/uploads\/2020\/06\/Zertifikat-LEGATRAIN-003-1-225x300.jpg 225w, https:\/\/lerncoach-amberg.com\/wp-content\/uploads\/2020\/06\/Zertifikat-LEGATRAIN-003-1-1152x1536.jpg 1152w, https:\/\/lerncoach-amberg.com\/wp-content\/uploads\/2020\/06\/Zertifikat-LEGATRAIN-003-1-1536x2048.jpg 1536w, https:\/\/lerncoach-amberg.com\/wp-content\/uploads\/2020\/06\/Zertifikat-LEGATRAIN-003-1-scaled.jpg 1920w\" sizes=\"auto, (max-width: 768px) 100vw, 768px\" \/><\/figure>\n","protected":false},"excerpt":{"rendered":"<p>Meine St\u00e4rke besteht darin, bei Kindern K\u00f6nnen hervorzuzaubern, welches sie sich selbst nie zugetraut h\u00e4tten. Schwerpunkt meiner Lerncoacht\u00e4tigkeit ist das wertsch\u00e4tzende Training mit Sch\u00fclern, da sie ein sicheres Fundament ben\u00f6tigen, auf dem sie aufbauen k\u00f6nnen. Ich bin zertifizierter Lerncoach und\u00a0 Trainer f\u00fcr das Marburger Konzentrationstraining. Mit einem 15-monatigen Fernstudium zum Lerncoach habe ich mit Freude, &#8230; <a title=\"\u00dcber Anne\" class=\"read-more\" href=\"https:\/\/lerncoach-amberg.com\/?page_id=15\">weiterlesen<span class=\"screen-reader-text\">\u00dcber Anne<\/span><\/a><\/p>\n","protected":false},"author":1,"featured_media":0,"parent":0,"menu_order":2,"comment_status":"closed","ping_status":"closed","template":"","meta":{"footnotes":""},"class_list":["post-15","page","type-page","status-publish"],"_links":{"self":[{"href":"https:\/\/lerncoach-amberg.com\/index.php?rest_route=\/wp\/v2\/pages\/15","targetHints":{"allow":["GET"]}}],"collection":[{"href":"https:\/\/lerncoach-amberg.com\/index.php?rest_route=\/wp\/v2\/pages"}],"about":[{"href":"https:\/\/lerncoach-amberg.com\/index.php?rest_route=\/wp\/v2\/types\/page"}],"author":[{"embeddable":true,"href":"https:\/\/lerncoach-amberg.com\/index.php?rest_route=\/wp\/v2\/users\/1"}],"replies":[{"embeddable":true,"href":"https:\/\/lerncoach-amberg.com\/index.php?rest_route=%2Fwp%2Fv2%2Fcomments&post=15"}],"version-history":[{"count":37,"href":"https:\/\/lerncoach-amberg.com\/index.php?rest_route=\/wp\/v2\/pages\/15\/revisions"}],"predecessor-version":[{"id":996,"href":"https:\/\/lerncoach-amberg.com\/index.php?rest_route=\/wp\/v2\/pages\/15\/revisions\/996"}],"wp:attachment":[{"href":"https:\/\/lerncoach-amberg.com\/index.php?rest_route=%2Fwp%2Fv2%2Fmedia&parent=15"}],"curies":[{"name":"wp","href":"https:\/\/api.w.org\/{rel}","templated":true}]}}