{"id":143,"date":"2018-12-06T14:57:48","date_gmt":"2018-12-06T14:57:48","guid":{"rendered":"http:\/\/lab.lerncoach-amberg.com\/?page_id=143"},"modified":"2022-08-15T13:54:36","modified_gmt":"2022-08-15T13:54:36","slug":"liebe-eltern","status":"publish","type":"page","link":"https:\/\/lerncoach-amberg.com\/?page_id=143","title":{"rendered":"F\u00fcr Eltern"},"content":{"rendered":"\n<p>Liebe Eltern, Sie sind auf meiner Website, um Unterst\u00fctzung zu bekommen. <\/p>\n\n\n\n<p>Gibt es Stress wegen der Hausaufgaben? Hat Ihr Kind keine Struktur beim Lernen? Haben sie eine Diagnose Dyskalkulie oder AD(H)S und keinen F\u00f6rderplatz? Es hat in mehreren F\u00e4chern schlechte Noten? M\u00f6chten Sie einfach wieder Frieden innerhalb der Familie haben? Ben\u00f6tigen Sie Hilfe im Diagnostik-Dschungel, bei einem Antrag auf Eingliederungshilfe nach \u00a735a?<\/p>\n\n\n\n<p><strong>Nutzen Sie das kostenlose Erstgespr\u00e4ch.<\/strong><\/p>\n\n\n\n<p style=\"background-color:#9ef14a\" class=\"has-background has-medium-font-size\"><strong>Einen 5er-Block als Einstieg nutzen!<\/strong> *<\/p>\n\n\n\n<p>Den richtigen Weg f\u00fcr Kinder zu finden, ist gar nicht einfach und manchmal f\u00fchlt man sich allein gelassen. <span style=\"font-size: inherit;\">Alle Kinder haben ihre <\/span><strong style=\"font-size: inherit;\">eigene Zeit<\/strong><span style=\"font-size: inherit;\"> f\u00fcr Entwicklungs- und Lernschritte. <strong>Hausaufgaben <\/strong>zu strukturieren, <strong>Selbstmanagement <\/strong>zu lernen, sind Strategien, die Ihr Kind beim Lerncoaching lernt. Das Ziel ist eine <strong>langfristige<\/strong> Wirkung f\u00fcr den weiteren Schulweg Ihres Kindes zu erreichen.<\/span><\/p>\n\n\n\n<p>Ein Baustein der Unterst\u00fctzung Ihres Kindes kann das Marburger Konzentrationstraining sein. Ich biete dies in geeigneten Gruppen an. Als Einzelsetting wird das F\u00f6rderprogramm nach Lauth und Schlottke angeboten, welches \u00fcber einen l\u00e4ngeren Zeitraum angegelegt ist.<\/p>\n\n\n\n<p><span style=\"font-size: inherit;\">Seien Sie geduldig.<\/span><\/p>\n\n\n\n<p><br>F\u00fcr Sie, liebe Eltern, habe ich viele wertvolle Anregungen, wie Sie und Ihr Kind, eine <strong>zufriedene, stressarme Einstellung zum Lernen und den schulischen Leistungen<\/strong> erreichen. Ich begleite Sie gerne zu Lehrergespr\u00e4chen, zum Schulpsychologen, um die optimale Unterst\u00fctzung f\u00fcr Ihr Kind zu erreichen.<br><br>Lerncoaching und Lerntherapie f\u00f6rdern das Selbstwertgef\u00fchl, die <strong>intrinsische Motivation<\/strong> (aus einem selbst heraus), denn wenn Ihr Kind eine F\u00f6rderung nicht annimmt, kann sie nicht erfolgreich sein. <\/p>\n\n\n\n<p>Wir besprechen gerne in Ruhe, welche Unterst\u00fctzung aus meiner Sicht f\u00fcr Ihr Kind die richtige sein kann und legen einen <strong>F\u00f6rderplan<\/strong> fest. Sie unterst\u00fctzen Ihr Kind mit t\u00e4glich 10-15 min\u00fctigen \u00dcbungsphasen, welche meist spielerische sind und h\u00e4ufig die Wahrnehmung f\u00f6rdern.<\/p>\n\n\n\n<div class=\"wp-block-media-text alignwide\"><figure class=\"wp-block-media-text__media\"><img loading=\"lazy\" decoding=\"async\" width=\"1024\" height=\"768\" src=\"https:\/\/lerncoach-amberg.com\/wp-content\/uploads\/2019\/03\/2007-12-06-23.19.35-1024x768.jpg\" alt=\"\" class=\"wp-image-738\" srcset=\"https:\/\/lerncoach-amberg.com\/wp-content\/uploads\/2019\/03\/2007-12-06-23.19.35-1024x768.jpg 1024w, https:\/\/lerncoach-amberg.com\/wp-content\/uploads\/2019\/03\/2007-12-06-23.19.35-300x225.jpg 300w, https:\/\/lerncoach-amberg.com\/wp-content\/uploads\/2019\/03\/2007-12-06-23.19.35-768x576.jpg 768w\" sizes=\"auto, (max-width: 1024px) 100vw, 1024px\" \/><\/figure><div class=\"wp-block-media-text__content\">\n<p>Vorbereitung auf eine Lerncoach-\/ Lerntherapie-Stunde. Mit positiven Emotionen starten.<\/p>\n\n\n\n<p>Thema Inneres Sprechen und Regeln.<\/p>\n<\/div><\/div>\n\n\n\n<p style=\"background-color:#91cf4f;color:#ffffff\" class=\"has-text-color has-background has-text-align-center\"><strong>STARKE ELTERN &#8211; STARKE KINDER<\/strong><\/p>\n","protected":false},"excerpt":{"rendered":"<p>Liebe Eltern, Sie sind auf meiner Website, um Unterst\u00fctzung zu bekommen. Gibt es Stress wegen der Hausaufgaben? Hat Ihr Kind keine Struktur beim Lernen? Haben sie eine Diagnose Dyskalkulie oder AD(H)S und keinen F\u00f6rderplatz? Es hat in mehreren F\u00e4chern schlechte Noten? M\u00f6chten Sie einfach wieder Frieden innerhalb der Familie haben? Ben\u00f6tigen Sie Hilfe im Diagnostik-Dschungel, &#8230; <a title=\"F\u00fcr Eltern\" class=\"read-more\" href=\"https:\/\/lerncoach-amberg.com\/?page_id=143\">weiterlesen<span class=\"screen-reader-text\">F\u00fcr Eltern<\/span><\/a><\/p>\n","protected":false},"author":1,"featured_media":0,"parent":0,"menu_order":0,"comment_status":"closed","ping_status":"closed","template":"","meta":{"footnotes":""},"class_list":["post-143","page","type-page","status-publish"],"_links":{"self":[{"href":"https:\/\/lerncoach-amberg.com\/index.php?rest_route=\/wp\/v2\/pages\/143","targetHints":{"allow":["GET"]}}],"collection":[{"href":"https:\/\/lerncoach-amberg.com\/index.php?rest_route=\/wp\/v2\/pages"}],"about":[{"href":"https:\/\/lerncoach-amberg.com\/index.php?rest_route=\/wp\/v2\/types\/page"}],"author":[{"embeddable":true,"href":"https:\/\/lerncoach-amberg.com\/index.php?rest_route=\/wp\/v2\/users\/1"}],"replies":[{"embeddable":true,"href":"https:\/\/lerncoach-amberg.com\/index.php?rest_route=%2Fwp%2Fv2%2Fcomments&post=143"}],"version-history":[{"count":37,"href":"https:\/\/lerncoach-amberg.com\/index.php?rest_route=\/wp\/v2\/pages\/143\/revisions"}],"predecessor-version":[{"id":1004,"href":"https:\/\/lerncoach-amberg.com\/index.php?rest_route=\/wp\/v2\/pages\/143\/revisions\/1004"}],"wp:attachment":[{"href":"https:\/\/lerncoach-amberg.com\/index.php?rest_route=%2Fwp%2Fv2%2Fmedia&parent=143"}],"curies":[{"name":"wp","href":"https:\/\/api.w.org\/{rel}","templated":true}]}}